{"id":249,"date":"2023-04-18T18:16:17","date_gmt":"2023-04-18T18:16:17","guid":{"rendered":"https:\/\/sigmacem.com\/?page_id=249"},"modified":"2023-06-04T09:30:40","modified_gmt":"2023-06-04T09:30:40","slug":"manago360-a-simple-definition","status":"publish","type":"page","link":"https:\/\/sigmacem.com\/pl\/success-story\/manago360-a-simple-definition\/","title":{"rendered":"Manago360 - prosta definicja"},"content":{"rendered":"<h2 class=\"wp-block-heading #content article .success-content h2\">Manago360 - prosta definicja<\/h2>\n\n\n\n<p>Manago360 to unikalne oprogramowanie, kt\u00f3re ma na celu pom\u00f3c w zarz\u0105dzaniu r\u00f3\u017cnymi procesami i relacjami z klientami w Twojej firmie: anga\u017cowanie, pozyskiwanie i utrzymanie klient\u00f3w.<\/p>\n\n\n\n<p>Manago360 jest ukierunkowany na indywidualne potrzeby Twoich klient\u00f3w i dostarcza doskona\u0142e, spersonalizowane do\u015bwiadczenia klienta. \u0141\u0105czymy Tw\u00f3j zesp\u00f3\u0142 z Twoim klientem.<\/p>\n\n\n\n<h2 class=\"wp-block-heading #content article .success-content h2\">Jak to dzia\u0142a i czego mo\u017cesz si\u0119 spodziewa\u0107?<\/h2>\n\n\n\n<p>Dla ogromnej wi\u0119kszo\u015bci specjalist\u00f3w zarz\u0105dzanie klientami jest kluczowe, jednak brakuje przekonania co do korzystnego rezultatu. Dzi\u0119ki Manago360 wszystkie poziomy zarz\u0105dzania mog\u0105 dostrzec r\u00f3\u017cnic\u0119 w danych i systemie CRM w codziennym prowadzeniu biznesu. Aby rozszerzy\u0107 nasze mo\u017cliwo\u015bci CRM, korzystamy z us\u0142ug chmurowych oraz modu\u0142\u00f3w sztucznej inteligencji (AI).<\/p>\n\n\n\n<p>Dla nas CRM to spos\u00f3b my\u015blenia. W SigmaCEM tworzymy rozwi\u0105zania od podstaw. W spos\u00f3b holistyczny. S\u0142uchamy. Budujemy system wok\u00f3\u0142 potrzeb i oczekiwa\u0144 naszych klient\u00f3w. Nie ograniczamy si\u0119 tylko do implementacji istniej\u0105cego standardowego rozwi\u0105zania CRM. Budujemy solidne, a nie szybkie rozwi\u0105zania, bior\u0105c pod uwag\u0119 CRM nie tylko jako technologi\u0119, ale r\u00f3wnie\u017c jako strategi\u0119 i proces tw\u00f3rczy. Nie izolujemy r\u00f3\u017cnych interesariuszy, ale integrujemy ich.<\/p>\n\n\n\n<p>Manago360 to system CRM w pe\u0142ni dostosowany do potrzeb Twojej firmy, jednocze\u015bnie \u0142atwy do rozbudowy i integracji. Posiada modu\u0142y komunikacyjne, optymalizacyjne, analityczne oraz scenariuszowe. Jako firma masz mo\u017cliwo\u015b\u0107 dok\u0142adnego wyboru tego, czego potrzebujesz, w spos\u00f3b odpowiadaj\u0105cy charakterowi Twojego biznesu oraz potencja\u0142owi, kt\u00f3ry wymaga.<\/p>\n\n\n\n<p>Kochamy dane. Wiemy, \u017ce s\u0105 one kluczowe dla definiowania strategii, tw\u00f3rczo\u015bci i otoczenia technologicznego. Dla nas oznaczaj\u0105 doskona\u0142e przygotowanie do dzia\u0142ania.<\/p>\n\n\n\n<p>Ju\u017c w ci\u0105gu pierwszych 3 miesi\u0119cy po wdro\u017ceniu, dostarczamy klarowne i wiarygodne wgl\u0105dy w zachowanie klient\u00f3w za pomoc\u0105 dostosowywalnego pulpitu nawigacyjnego. W celu dostarczenia warto\u015bciowych informacji i przewidywanej analizy klienta, korzystamy z modu\u0142u nap\u0119dzanego sztuczn\u0105 inteligencj\u0105. Dzi\u0119ki tym informacjom s\u0105 inicjowane oraz automatyzowane znacz\u0105ce i zyskowne relacje z klientami. W d\u0142u\u017cszej perspektywie Manago360 poprawia prognozowanie sprzeda\u017cy i produktywno\u015b\u0107, zwi\u0119ksza lojalno\u015b\u0107 klient\u00f3w, umo\u017cliwia dok\u0142adne raportowanie sprzeda\u017cy, maksymalizuje zwrot z inwestycji w marketing i poprawia obs\u0142ug\u0119.<\/p>\n\n\n\n<h2 class=\"wp-block-heading\">Dla kogo skierowana jest nasza oferta?<\/h2>\n\n\n\n<p>Chocia\u017c ka\u017cda firma mo\u017ce skorzysta\u0107 z wykorzystania systemu CRM, to szczeg\u00f3lnie warto rozwa\u017cy\u0107 korzystanie z Manago360 przez firmy posiadaj\u0105ce zespo\u0142y sprzeda\u017cy lub marketingowe lub pragn\u0105ce zwi\u0119kszy\u0107 swoj\u0105 efektywno\u015b\u0107.<\/p>\n\n\n\n<p>Nasza idea systemu CRM jest prosta: poprawa relacji biznesowych w celu wzrostu biznes\u00f3w naszych klient\u00f3w. Manago360 pomaga zarz\u0105dza\u0107 relacjami z klientami na ca\u0142ym cyklu \u017cycia klienta, w ka\u017cdej interakcji zwi\u0105zanej z marketingiem, sprzeda\u017c\u0105, e-commerce i obs\u0142ug\u0105 klienta. Nawet dzia\u0142 HR naszych klient\u00f3w mo\u017ce skorzysta\u0107, je\u015bli jest taka potrzeba.<\/p>\n\n\n\n<p>Manago360 jest otwarty i u\u017cyteczny dla firm z r\u00f3\u017cnych bran\u017c, o r\u00f3\u017cnej skali i zakresie dzia\u0142alno\u015bci: SigmaCEM pomy\u015blnie wdro\u017cy\u0142o Manago360 w \u015brodowiskach handlowych, organizacjach rz\u0105dowych i pozarz\u0105dowych, a tak\u017ce w firmach z bran\u017cy FMCG, DIY i producentach elektroniki u\u017cytkowej.<\/p>\n\n\n\n<p><em><strong>\u201eManago360 pozwoli\u0142 mi rozwin\u0105\u0107 moj\u0105 firm\u0119 za pomoc\u0105 jednego g\u0142\u00f3wnego centrum. Zarz\u0105dzanie klientami, zarz\u0105dzanie potencjalnymi klientami, analiza finansowa... i wiele wi\u0119cej\u201d.<\/strong><\/em><\/p>\n\n\n\n<p class=\"has-text-align-right\"><em>Marcin F. - Dyrektor Operacji Handlowych<\/em><\/p>\n\n\n\n<h2 class=\"wp-block-heading\">Dlaczego warto wybra\u0107 Manago360?<\/h2>\n\n\n\n<p>Rozwi\u0105zanie CRM Manago360 mo\u017ce by\u0107 wykorzystane na wiele sposob\u00f3w i przynosi liczne korzy\u015bci dla Twojego biznesu. Wyodr\u0119bnili\u015bmy \u0142\u0105cznie 11 korzy\u015bci, od lepszej obs\u0142ugi klienta, poprzez zwi\u0119kszon\u0105 retencj\u0119 klient\u00f3w, bardziej precyzyjn\u0105 segmentacj\u0119 klient\u00f3w, a\u017c po doskonale dopasowan\u0105 komunikacj\u0119 z klientami.<\/p>\n\n\n\n<p>Wierzymy, \u017ce Manago360 jest stworzone dla Twoich klient\u00f3w, podczas gdy wszystkie korzy\u015bci s\u0105 odczuwane przez Twoj\u0105 firm\u0119. Co wi\u0119cej, Manago360 jest tworzone przez do\u015bwiadczonych mened\u017cer\u00f3w dla mened\u017cer\u00f3w.<\/p>\n\n\n\n<p>Czy Tw\u00f3j biznes jest gotowy, by przyj\u0105\u0107 holistyczne rozwi\u0105zanie CRM? Czy Tw\u00f3j biznes jest gotowy, by sta\u0107 si\u0119 \"Sigmified\"?<\/p>\n\n\n\n<h2 class=\"wp-block-heading\">\u015arodowisko Sigma360<\/h2>\n\n\n\n<p>Korzystaj\u0105c z Mango360, firmy zyskuj\u0105 dost\u0119p do pe\u0142nego \u015brodowiska Sigma360, w kt\u00f3rym mamy dla Ciebie:<\/p>\n\n\n\n<p><strong style=\"color: #ee4043;\">\u2714 CallMe360 LIVE <\/strong>kt\u00f3re jest kompleksowym rozwi\u0105zaniem detalicznym, \u0142\u0105cz\u0105cym ekspert\u00f3w produktowych online z Twoimi klientami w celu konsultacji, doradztwa, inicjowania i realizacji sprzeda\u017cy;<\/p>\n\n\n\n<p><strong style=\"color: #ee4043;\">\u2714 Narz\u0119dzie Opinello360 <\/strong>, kt\u00f3re zbiera informacje zwrotne od klient\u00f3w, opinie i wyniki NPS w czasie rzeczywistym;<\/p>\n\n\n\n<p><strong style=\"color: #ee4043;\">\u2714 TestMe360<\/strong> dla pracownik\u00f3w, kt\u00f3re sprawdza i poszerza ich wiedz\u0119;<\/p>\n\n\n\n<p><strong style=\"color: #ee4043;\">\u2714 Booker360 <\/strong>gdzie klienci mog\u0105 rezerwowa\u0107 us\u0142ugi na okre\u015blone daty;<\/p>\n\n\n\n<p><strong style=\"color: #ee4043;\">\u2714 Excellence center <\/strong>call center klasy premium w konkurencyjnej cenie.<\/p>\n\n\n\n<p>Ca\u0142e \u015brodowisko 360 jest ze sob\u0105 po\u0142\u0105czone, a poszczeg\u00f3lne modu\u0142y mo\u017cna \u0142\u0105czy\u0107 w dowolnej konfiguracji. Mo\u017cna je r\u00f3wnie\u017c dopasowa\u0107 do strategii firmy, wskazuj\u0105c, kt\u00f3re marki, klient\u00f3w, produkty czy us\u0142ugi powinny by\u0107 wspierane w pierwszej kolejno\u015bci.<\/p>","protected":false},"excerpt":{"rendered":"<p>Manago360 \u2013 a simple definition Manago360 is a unique software solution designed to help manage all different customer processes and relationships in your company: engagement, acquisition, and retention. Manago360 is driven by the individual needs of your customers first and delivers a superior, personalized customer experience. We are connecting your team with your customer. How <a href=\"https:\/\/sigmacem.com\/pl\/success-story\/manago360-a-simple-definition\/\" class=\"more-link\">&#8230;<span class=\"screen-reader-text\">  Manago360 - prosta definicja<\/span><\/a><\/p>","protected":false},"author":1,"featured_media":251,"parent":123,"menu_order":0,"comment_status":"closed","ping_status":"closed","template":"success-story.php","meta":{"footnotes":""},"class_list":["post-249","page","type-page","status-publish","has-post-thumbnail","hentry"],"_links":{"self":[{"href":"https:\/\/sigmacem.com\/pl\/wp-json\/wp\/v2\/pages\/249","targetHints":{"allow":["GET"]}}],"collection":[{"href":"https:\/\/sigmacem.com\/pl\/wp-json\/wp\/v2\/pages"}],"about":[{"href":"https:\/\/sigmacem.com\/pl\/wp-json\/wp\/v2\/types\/page"}],"author":[{"embeddable":true,"href":"https:\/\/sigmacem.com\/pl\/wp-json\/wp\/v2\/users\/1"}],"replies":[{"embeddable":true,"href":"https:\/\/sigmacem.com\/pl\/wp-json\/wp\/v2\/comments?post=249"}],"version-history":[{"count":2,"href":"https:\/\/sigmacem.com\/pl\/wp-json\/wp\/v2\/pages\/249\/revisions"}],"predecessor-version":[{"id":279,"href":"https:\/\/sigmacem.com\/pl\/wp-json\/wp\/v2\/pages\/249\/revisions\/279"}],"up":[{"embeddable":true,"href":"https:\/\/sigmacem.com\/pl\/wp-json\/wp\/v2\/pages\/123"}],"wp:featuredmedia":[{"embeddable":true,"href":"https:\/\/sigmacem.com\/pl\/wp-json\/wp\/v2\/media\/251"}],"wp:attachment":[{"href":"https:\/\/sigmacem.com\/pl\/wp-json\/wp\/v2\/media?parent=249"}],"curies":[{"name":"wp","href":"https:\/\/api.w.org\/{rel}","templated":true}]}}