{"id":153,"date":"2022-10-26T08:28:52","date_gmt":"2022-10-26T08:28:52","guid":{"rendered":"https:\/\/sigmacem.com\/?page_id=153"},"modified":"2022-10-26T08:29:18","modified_gmt":"2022-10-26T08:29:18","slug":"electrolux","status":"publish","type":"page","link":"https:\/\/sigmacem.com\/pl\/success-story\/electrolux\/","title":{"rendered":"Electrolux"},"content":{"rendered":"<p>Klienci Electrolux zdecydowanie cz\u0119\u015bciej dokonuj\u0105 zakup\u00f3w produkt\u00f3w marki, a poziom zadowolenia klient\u00f3w osi\u0105ga 94% dzi\u0119ki wsparciu rozwi\u0105za\u0144 SIGMA w zakresie handlu na \u017cywo.<\/p>\n\n\n\n<h2 class=\"wp-block-heading\">Wyzwanie<\/h2>\n\n\n\n<p>Zapewnienie spersonalizowanego do\u015bwiadczenia zakupowego podczas zamkni\u0119cia sklep\u00f3w w okresie lockdownu.<\/p>\n\n\n\n<h2 class=\"wp-block-heading\">Rozwi\u0105zanie<\/h2>\n\n\n\n<p>Pierwsze w bran\u017cy wdro\u017cenie rozwi\u0105zania CallMe360 LIVE z SIGMA, kt\u00f3re obejmuje kompleksowe rozwi\u0105zanie handlowe, zajmuj\u0105ce si\u0119 nie tylko wdro\u017ceniem systemu, ale tak\u017ce zatrudnianiem e-promotor\u00f3w i wynajmowaniem studia Electrolux.<\/p>\n\n\n\n<h2 class=\"wp-block-heading\">Rezultat<\/h2>\n\n\n\n<p>Znaczny wzrost koszyka zakupowego, wska\u017anika konwersji i osi\u0105gni\u0119cie niemal 100% wska\u017anika zadowolenia klienta. Kontynuacja us\u0142ugi po okresie lockdownu.<\/p>","protected":false},"excerpt":{"rendered":"<p>Electrolux customers convert 10 times higher on their products and customer satisfaction hits 94% with the help from SIGMA\u00b4s live commerce solutions. Challenge Enable a personalized shopping experience while closed stores during lockdown period. Solution Industry first implementation of CallMe360 LIVE shopping solution with SIGMA implementing a complete retail solution taking not only care of <a href=\"https:\/\/sigmacem.com\/pl\/success-story\/electrolux\/\" class=\"more-link\">&#8230;<span class=\"screen-reader-text\">  Electrolux<\/span><\/a><\/p>","protected":false},"author":1,"featured_media":111,"parent":123,"menu_order":0,"comment_status":"closed","ping_status":"closed","template":"success-story.php","meta":{"footnotes":""},"class_list":["post-153","page","type-page","status-publish","has-post-thumbnail","hentry"],"_links":{"self":[{"href":"https:\/\/sigmacem.com\/pl\/wp-json\/wp\/v2\/pages\/153","targetHints":{"allow":["GET"]}}],"collection":[{"href":"https:\/\/sigmacem.com\/pl\/wp-json\/wp\/v2\/pages"}],"about":[{"href":"https:\/\/sigmacem.com\/pl\/wp-json\/wp\/v2\/types\/page"}],"author":[{"embeddable":true,"href":"https:\/\/sigmacem.com\/pl\/wp-json\/wp\/v2\/users\/1"}],"replies":[{"embeddable":true,"href":"https:\/\/sigmacem.com\/pl\/wp-json\/wp\/v2\/comments?post=153"}],"version-history":[{"count":1,"href":"https:\/\/sigmacem.com\/pl\/wp-json\/wp\/v2\/pages\/153\/revisions"}],"predecessor-version":[{"id":154,"href":"https:\/\/sigmacem.com\/pl\/wp-json\/wp\/v2\/pages\/153\/revisions\/154"}],"up":[{"embeddable":true,"href":"https:\/\/sigmacem.com\/pl\/wp-json\/wp\/v2\/pages\/123"}],"wp:featuredmedia":[{"embeddable":true,"href":"https:\/\/sigmacem.com\/pl\/wp-json\/wp\/v2\/media\/111"}],"wp:attachment":[{"href":"https:\/\/sigmacem.com\/pl\/wp-json\/wp\/v2\/media?parent=153"}],"curies":[{"name":"wp","href":"https:\/\/api.w.org\/{rel}","templated":true}]}}