{"id":132,"date":"2022-10-26T08:14:00","date_gmt":"2022-10-26T08:14:00","guid":{"rendered":"https:\/\/sigmacem.com\/?page_id=132"},"modified":"2022-10-26T08:14:22","modified_gmt":"2022-10-26T08:14:22","slug":"city-of-wroclaw","status":"publish","type":"page","link":"https:\/\/sigmacem.com\/pl\/success-story\/city-of-wroclaw\/","title":{"rendered":"City of Wroc\u0142aw"},"content":{"rendered":"<p>Obywatele mog\u0105 dba\u0107 o sprawy rz\u0105dowe, zwi\u0105zane z ich \u017cyciem publicznym, nie wychodz\u0105c z domu. SIGMA przenosi us\u0142ugi publiczne na kolejny poziom, optymalizuj\u0105c koszty i nadaj\u0105c im bardziej ludzki charakter.<\/p>\n\n\n\n<h2 class=\"wp-block-heading\">Wyzwanie<\/h2>\n\n\n\n<p>Obs\u0142uga obywateli w profesjonalny spos\u00f3b przez rz\u0105d, ale bardziej komfortowy dla nich.<\/p>\n\n\n\n<h2 class=\"wp-block-heading\">Rozwi\u0105zanie<\/h2>\n\n\n\n<p>Umo\u017cliwienie obywatelom po\u0142\u0105czenia poprzez wideoczat na \u017cywo w celu za\u0142atwienia ich administracyjnych spraw rz\u0105dowych.<\/p>\n\n\n\n<h2 class=\"wp-block-heading\">Rezultat<\/h2>\n\n\n\n<p>Skr\u00f3cenie czasu rozwi\u0105zania sprawy dla ka\u017cdego przypadku. Wska\u017anik zadowolenia z obs\u0142ugi obywateli na poziomie 100%.<\/p>","protected":false},"excerpt":{"rendered":"<p>Citizens can take care about their public governmental affairs without leaving their homes. SIGMA is taking public service to a next level by optimising cost and giving public services a human face. Challenge Serve citizens in professional governmental but more comfortable way. Solution Enable citizens to connect via live video chat to deal their admirative <a href=\"https:\/\/sigmacem.com\/pl\/success-story\/city-of-wroclaw\/\" class=\"more-link\">&#8230;<span class=\"screen-reader-text\">  City of Wroc\u0142aw<\/span><\/a><\/p>","protected":false},"author":1,"featured_media":105,"parent":123,"menu_order":0,"comment_status":"closed","ping_status":"closed","template":"success-story.php","meta":{"footnotes":""},"class_list":["post-132","page","type-page","status-publish","has-post-thumbnail","hentry"],"_links":{"self":[{"href":"https:\/\/sigmacem.com\/pl\/wp-json\/wp\/v2\/pages\/132","targetHints":{"allow":["GET"]}}],"collection":[{"href":"https:\/\/sigmacem.com\/pl\/wp-json\/wp\/v2\/pages"}],"about":[{"href":"https:\/\/sigmacem.com\/pl\/wp-json\/wp\/v2\/types\/page"}],"author":[{"embeddable":true,"href":"https:\/\/sigmacem.com\/pl\/wp-json\/wp\/v2\/users\/1"}],"replies":[{"embeddable":true,"href":"https:\/\/sigmacem.com\/pl\/wp-json\/wp\/v2\/comments?post=132"}],"version-history":[{"count":1,"href":"https:\/\/sigmacem.com\/pl\/wp-json\/wp\/v2\/pages\/132\/revisions"}],"predecessor-version":[{"id":133,"href":"https:\/\/sigmacem.com\/pl\/wp-json\/wp\/v2\/pages\/132\/revisions\/133"}],"up":[{"embeddable":true,"href":"https:\/\/sigmacem.com\/pl\/wp-json\/wp\/v2\/pages\/123"}],"wp:featuredmedia":[{"embeddable":true,"href":"https:\/\/sigmacem.com\/pl\/wp-json\/wp\/v2\/media\/105"}],"wp:attachment":[{"href":"https:\/\/sigmacem.com\/pl\/wp-json\/wp\/v2\/media?parent=132"}],"curies":[{"name":"wp","href":"https:\/\/api.w.org\/{rel}","templated":true}]}}